{"id":3029,"date":"2026-02-23T18:39:45","date_gmt":"2026-02-23T18:39:45","guid":{"rendered":"https:\/\/movela.cz\/?page_id=3029"},"modified":"2026-02-23T20:03:18","modified_gmt":"2026-02-23T20:03:18","slug":"prihlaseni-odberu-novinek-potvrzeno","status":"publish","type":"page","link":"https:\/\/movela.cz\/pl\/prihlaseni-odberu-novinek-potvrzeno\/","title":{"rendered":"P\u0159ihl\u00e1\u0161en\u00ed odb\u011bru novinek potvrzeno"},"content":{"rendered":"\t\t<div data-elementor-type=\"page\" data-elementor-id=\"3029\" class=\"elementor elementor-3029\" data-elementor-post-type=\"page\">\n\t\t\t\t<div class=\"elementor-element elementor-element-b558b32 e-con-full elementor-hidden-tablet elementor-hidden-mobile e-flex e-con e-child\" data-id=\"b558b32\" data-element_type=\"container\" data-e-type=\"container\" data-settings=\"{&quot;background_background&quot;:&quot;classic&quot;}\">\n\t\t<div class=\"elementor-element elementor-element-cdcd5d2 e-flex e-con-boxed e-con e-child\" data-id=\"cdcd5d2\" data-element_type=\"container\" data-e-type=\"container\" data-settings=\"{&quot;background_background&quot;:&quot;classic&quot;}\">\n\t\t\t\t\t<div class=\"e-con-inner\">\n\t\t<div class=\"elementor-element elementor-element-163e90d e-con-full e-flex e-con e-child\" data-id=\"163e90d\" data-element_type=\"container\" data-e-type=\"container\" data-settings=\"{&quot;background_background&quot;:&quot;classic&quot;}\">\n\t\t<div class=\"elementor-element elementor-element-111c5f9 e-flex e-con-boxed e-con e-child\" data-id=\"111c5f9\" data-element_type=\"container\" data-e-type=\"container\">\n\t\t\t\t\t<div class=\"e-con-inner\">\n\t\t<div class=\"elementor-element elementor-element-bec20d7 e-con-full e-flex e-con e-child\" data-id=\"bec20d7\" data-element_type=\"container\" data-e-type=\"container\">\n\t\t\t\t<div class=\"elementor-element elementor-element-20f7731 elementor-widget elementor-widget-heading\" data-id=\"20f7731\" data-element_type=\"widget\" data-e-type=\"widget\" data-widget_type=\"heading.default\">\n\t\t\t\t\t<h2 class=\"elementor-heading-title elementor-size-default\">P\u0159ihl\u00e1sili jste se \u00fasp\u011b\u0161n\u011b k odb\u011bru novinek kliniky Movela\n<\/h2>\t\t\t\t<\/div>\n\t\t\t\t<div class=\"elementor-element elementor-element-aa2ed28 elementor-widget__width-initial elementor-widget elementor-widget-heading\" data-id=\"aa2ed28\" data-element_type=\"widget\" data-e-type=\"widget\" data-widget_type=\"heading.default\">\n\t\t\t\t\t<h3 class=\"elementor-heading-title elementor-size-default\">D\u011bkujeme. V\u00e1\u0161 e-mail jste \u00fasp\u011b\u0161n\u011b potvrdili a od t\u00e9to chv\u00edle v\u00e1m budeme pos\u00edlat novinky z kliniky Movela.<\/h3>\t\t\t\t<\/div>\n\t\t\t\t<\/div>\n\t\t\t\t\t<\/div>\n\t\t\t\t<\/div>\n\t\t\t\t<\/div>\n\t\t\t\t\t<\/div>\n\t\t\t\t<\/div>\n\t\t\t\t<div class=\"elementor-element elementor-element-59b19cf elementor-absolute elementor-widget elementor-widget-image\" data-id=\"59b19cf\" data-element_type=\"widget\" data-e-type=\"widget\" data-settings=\"{&quot;_position&quot;:&quot;absolute&quot;}\" data-widget_type=\"image.default\">\n\t\t\t\t\t\t\t\t\t\t\t\t\t\t\t<img fetchpriority=\"high\" decoding=\"async\" width=\"800\" height=\"488\" src=\"https:\/\/movela.cz\/wp-content\/uploads\/2025\/09\/d55855132d4511835e4e3d1971326b31.png\" class=\"attachment-full size-full wp-image-11\" alt=\"Na ortopedick\u00e9 klinice Movela v Liberci v\u00e1s vr\u00e1t\u00edme * ZP\u00c1TKY K POHYBU *\" srcset=\"https:\/\/movela.cz\/wp-content\/uploads\/2025\/09\/d55855132d4511835e4e3d1971326b31.png 800w, https:\/\/movela.cz\/wp-content\/uploads\/2025\/09\/d55855132d4511835e4e3d1971326b31-300x183.png 300w, https:\/\/movela.cz\/wp-content\/uploads\/2025\/09\/d55855132d4511835e4e3d1971326b31-768x468.png 768w\" sizes=\"(max-width: 800px) 100vw, 800px\" \/>\t\t\t\t\t\t\t\t\t\t\t\t\t\t\t<\/div>\n\t\t\t\t<\/div>\n\t\t<div class=\"elementor-element elementor-element-c0eaea6 e-con-full elementor-hidden-desktop e-flex e-con e-parent\" data-id=\"c0eaea6\" data-element_type=\"container\" data-e-type=\"container\" data-settings=\"{&quot;background_background&quot;:&quot;classic&quot;}\">\n\t\t<div class=\"elementor-element elementor-element-43e7916 e-con-full e-flex e-con e-child\" data-id=\"43e7916\" data-element_type=\"container\" data-e-type=\"container\" data-settings=\"{&quot;background_background&quot;:&quot;classic&quot;}\">\n\t\t<div class=\"elementor-element elementor-element-43c28d8 e-flex e-con-boxed e-con e-child\" data-id=\"43c28d8\" data-element_type=\"container\" data-e-type=\"container\" data-settings=\"{&quot;background_background&quot;:&quot;classic&quot;}\">\n\t\t\t\t\t<div class=\"e-con-inner\">\n\t\t<div class=\"elementor-element elementor-element-39edc87 e-con-full e-flex e-con e-child\" data-id=\"39edc87\" data-element_type=\"container\" data-e-type=\"container\">\n\t\t<div class=\"elementor-element elementor-element-34c0d89 e-con-full e-flex e-con e-child\" data-id=\"34c0d89\" data-element_type=\"container\" data-e-type=\"container\">\n\t\t\t\t<div class=\"elementor-element elementor-element-74b6e4f elementor-widget elementor-widget-heading\" data-id=\"74b6e4f\" data-element_type=\"widget\" data-e-type=\"widget\" data-widget_type=\"heading.default\">\n\t\t\t\t\t<h1 class=\"elementor-heading-title elementor-size-default\">P\u0159ihl\u00e1sili jste se k odb\u011bru novinek kliniky Movela<\/h1>\t\t\t\t<\/div>\n\t\t\t\t<div class=\"elementor-element elementor-element-88210e5 elementor-widget__width-initial elementor-widget elementor-widget-heading\" data-id=\"88210e5\" data-element_type=\"widget\" data-e-type=\"widget\" data-widget_type=\"heading.default\">\n\t\t\t\t\t<h3 class=\"elementor-heading-title elementor-size-default\">D\u011bkujeme. V\u00e1\u0161 e-mail jste \u00fasp\u011b\u0161n\u011b potvrdili a od t\u00e9to chv\u00edle v\u00e1m budeme pos\u00edlat novinky z kliniky Movela.<\/h3>\t\t\t\t<\/div>\n\t\t\t\t<\/div>\n\t\t\t\t<\/div>\n\t\t\t\t\t<\/div>\n\t\t\t\t<\/div>\n\t\t\t\t<\/div>\n\t\t\t\t<\/div>\n\t\t<div class=\"elementor-element elementor-element-81e58a0 e-con-full e-flex e-con e-parent\" data-id=\"81e58a0\" data-element_type=\"container\" data-e-type=\"container\" data-settings=\"{&quot;background_background&quot;:&quot;classic&quot;}\">\n\t\t<div class=\"elementor-element elementor-element-8f81ece e-flex e-con-boxed e-con e-child\" data-id=\"8f81ece\" data-element_type=\"container\" data-e-type=\"container\">\n\t\t\t\t\t<div class=\"e-con-inner\">\n\t\t<div class=\"elementor-element elementor-element-6c763db e-con-full e-flex e-con e-child\" data-id=\"6c763db\" data-element_type=\"container\" data-e-type=\"container\">\n\t\t<div class=\"elementor-element elementor-element-0fda36f e-con-full e-flex elementor-invisible e-con e-child\" data-id=\"0fda36f\" data-element_type=\"container\" data-e-type=\"container\" data-settings=\"{&quot;background_background&quot;:&quot;classic&quot;,&quot;animation&quot;:&quot;fadeInUp&quot;,&quot;animation_mobile&quot;:&quot;fadeInUp&quot;}\">\n\t\t\t\t<div class=\"elementor-element elementor-element-6ceae5b elementor-widget elementor-widget-image\" data-id=\"6ceae5b\" data-element_type=\"widget\" data-e-type=\"widget\" data-settings=\"{&quot;motion_fx_motion_fx_scrolling&quot;:&quot;yes&quot;,&quot;motion_fx_rotateZ_effect&quot;:&quot;yes&quot;,&quot;motion_fx_rotateZ_speed&quot;:{&quot;unit&quot;:&quot;px&quot;,&quot;size&quot;:2,&quot;sizes&quot;:[]},&quot;motion_fx_rotateZ_affectedRange&quot;:{&quot;unit&quot;:&quot;%&quot;,&quot;size&quot;:&quot;&quot;,&quot;sizes&quot;:{&quot;start&quot;:0,&quot;end&quot;:100}},&quot;motion_fx_devices&quot;:[&quot;desktop&quot;,&quot;tablet&quot;,&quot;mobile&quot;]}\" data-widget_type=\"image.default\">\n\t\t\t\t\t\t\t\t\t\t\t\t\t\t\t<img decoding=\"async\" width=\"38\" height=\"39\" src=\"https:\/\/movela.cz\/wp-content\/uploads\/2025\/09\/e16565a26a7691e086205ce6ce18a3d3.svg\" class=\"attachment-full size-full wp-image-76\" alt=\"Nejnov\u011bj\u0161\u00ed metody artroskopie a inovativn\u00ed technologie od p\u0159edn\u00edch sv\u011btov\u00fdch dodavatel\u016f na ortopedick\u00e9 klinice Movela, Liberec\" \/>\t\t\t\t\t\t\t\t\t\t\t\t\t\t\t<\/div>\n\t\t\t\t<div class=\"elementor-element elementor-element-c7b6f3d elementor-widget__width-initial elementor-widget elementor-widget-heading\" data-id=\"c7b6f3d\" data-element_type=\"widget\" data-e-type=\"widget\" data-widget_type=\"heading.default\">\n\t\t\t\t\t<h4 class=\"elementor-heading-title elementor-size-default\">Informace o otev\u0159en\u00ed kliniky Movela<\/h4>\t\t\t\t<\/div>\n\t\t\t\t<\/div>\n\t\t<div class=\"elementor-element elementor-element-7ca46ad e-con-full e-flex elementor-invisible e-con e-child\" data-id=\"7ca46ad\" data-element_type=\"container\" data-e-type=\"container\" data-settings=\"{&quot;background_background&quot;:&quot;classic&quot;,&quot;animation&quot;:&quot;fadeInUp&quot;}\">\n\t\t\t\t<div class=\"elementor-element elementor-element-5ed374c elementor-widget elementor-widget-image\" data-id=\"5ed374c\" data-element_type=\"widget\" data-e-type=\"widget\" data-settings=\"{&quot;motion_fx_motion_fx_scrolling&quot;:&quot;yes&quot;,&quot;motion_fx_rotateZ_effect&quot;:&quot;yes&quot;,&quot;motion_fx_rotateZ_speed&quot;:{&quot;unit&quot;:&quot;px&quot;,&quot;size&quot;:1,&quot;sizes&quot;:[]},&quot;motion_fx_rotateZ_affectedRange&quot;:{&quot;unit&quot;:&quot;%&quot;,&quot;size&quot;:&quot;&quot;,&quot;sizes&quot;:{&quot;start&quot;:0,&quot;end&quot;:100}},&quot;motion_fx_devices&quot;:[&quot;desktop&quot;,&quot;tablet&quot;,&quot;mobile&quot;]}\" data-widget_type=\"image.default\">\n\t\t\t\t\t\t\t\t\t\t\t\t\t\t\t<img decoding=\"async\" width=\"38\" height=\"39\" src=\"https:\/\/movela.cz\/wp-content\/uploads\/2025\/09\/d83ede757c6a1eccea7a3b97ebf58944.svg\" class=\"attachment-full size-full wp-image-77\" alt=\"3 superaseptick\u00e9 opera\u010dn\u00ed s\u00e1ly s nejmodern\u011bj\u0161\u00edm vybaven\u00edm\u200b - na ortopedick\u00e9 klinice Movela v Liberci\" \/>\t\t\t\t\t\t\t\t\t\t\t\t\t\t\t<\/div>\n\t\t\t\t<div class=\"elementor-element elementor-element-b4c0d28 elementor-widget__width-initial elementor-widget elementor-widget-heading\" data-id=\"b4c0d28\" data-element_type=\"widget\" data-e-type=\"widget\" data-widget_type=\"heading.default\">\n\t\t\t\t\t<h4 class=\"elementor-heading-title elementor-size-default\">Novinky o l\u00e9\u010db\u011b a rehabilitaci<\/h4>\t\t\t\t<\/div>\n\t\t\t\t<\/div>\n\t\t<div class=\"elementor-element elementor-element-7deeafa e-con-full animated-slow e-flex elementor-invisible e-con e-child\" data-id=\"7deeafa\" data-element_type=\"container\" data-e-type=\"container\" data-settings=\"{&quot;background_background&quot;:&quot;classic&quot;,&quot;animation&quot;:&quot;fadeInUp&quot;}\">\n\t\t\t\t<div class=\"elementor-element elementor-element-dc7a467 elementor-widget elementor-widget-image\" data-id=\"dc7a467\" data-element_type=\"widget\" data-e-type=\"widget\" data-settings=\"{&quot;motion_fx_motion_fx_scrolling&quot;:&quot;yes&quot;,&quot;motion_fx_rotateZ_effect&quot;:&quot;yes&quot;,&quot;motion_fx_rotateZ_speed&quot;:{&quot;unit&quot;:&quot;px&quot;,&quot;size&quot;:1.4,&quot;sizes&quot;:[]},&quot;motion_fx_rotateZ_affectedRange&quot;:{&quot;unit&quot;:&quot;%&quot;,&quot;size&quot;:&quot;&quot;,&quot;sizes&quot;:{&quot;start&quot;:0,&quot;end&quot;:100}},&quot;motion_fx_devices&quot;:[&quot;desktop&quot;,&quot;tablet&quot;,&quot;mobile&quot;]}\" data-widget_type=\"image.default\">\n\t\t\t\t\t\t\t\t\t\t\t\t\t\t\t<img loading=\"lazy\" decoding=\"async\" width=\"38\" height=\"39\" src=\"https:\/\/movela.cz\/wp-content\/uploads\/2025\/09\/5a887d4223ba306221cafcd586e17518.svg\" class=\"attachment-full size-full wp-image-78\" alt=\"38 modern\u00edch a pln\u011b vybaven\u00fdch l\u016f\u017eek\u200b na ortopedick\u00e9 klinice Movela v Liberci\" \/>\t\t\t\t\t\t\t\t\t\t\t\t\t\t\t<\/div>\n\t\t\t\t<div class=\"elementor-element elementor-element-0d3bc77 elementor-widget__width-initial elementor-widget elementor-widget-heading\" data-id=\"0d3bc77\" data-element_type=\"widget\" data-e-type=\"widget\" data-widget_type=\"heading.default\">\n\t\t\t\t\t<h4 class=\"elementor-heading-title elementor-size-default\">Stru\u010dn\u011b, srozumiteln\u011b a bez spamu<\/h4>\t\t\t\t<\/div>\n\t\t\t\t<\/div>\n\t\t\t\t<\/div>\n\t\t\t\t\t<\/div>\n\t\t\t\t<\/div>\n\t\t\t\t<\/div>\n\t\t<div class=\"elementor-element elementor-element-1951fe5 e-con-full elementor-hidden-tablet elementor-hidden-mobile e-flex e-con e-parent\" data-id=\"1951fe5\" data-element_type=\"container\" data-e-type=\"container\" data-settings=\"{&quot;background_background&quot;:&quot;classic&quot;}\">\n\t\t<div class=\"elementor-element elementor-element-70b8f2e e-flex e-con-boxed e-con e-child\" data-id=\"70b8f2e\" data-element_type=\"container\" data-e-type=\"container\" data-settings=\"{&quot;background_background&quot;:&quot;classic&quot;,&quot;background_motion_fx_motion_fx_scrolling&quot;:&quot;yes&quot;,&quot;background_motion_fx_translateX_effect&quot;:&quot;yes&quot;,&quot;background_motion_fx_translateX_direction&quot;:&quot;negative&quot;,&quot;background_motion_fx_translateX_affectedRange&quot;:{&quot;unit&quot;:&quot;%&quot;,&quot;size&quot;:&quot;&quot;,&quot;sizes&quot;:{&quot;start&quot;:49,&quot;end&quot;:100}},&quot;background_motion_fx_translateX_speed&quot;:{&quot;unit&quot;:&quot;px&quot;,&quot;size&quot;:4,&quot;sizes&quot;:[]},&quot;background_motion_fx_devices&quot;:[&quot;desktop&quot;,&quot;tablet&quot;,&quot;mobile&quot;]}\">\n\t\t\t\t\t<div class=\"e-con-inner\">\n\t\t<div class=\"elementor-element elementor-element-6fa041c e-con-full e-flex e-con e-child\" data-id=\"6fa041c\" data-element_type=\"container\" data-e-type=\"container\">\n\t\t\t\t<div class=\"elementor-element elementor-element-69b4509 elementor-widget__width-initial elementor-widget elementor-widget-heading\" data-id=\"69b4509\" data-element_type=\"widget\" data-e-type=\"widget\" data-widget_type=\"heading.default\">\n\t\t\t\t\t<div class=\"elementor-heading-title elementor-size-default\">Jsme <br>Klinika\u2028 <br>v pohybu<\/div>\t\t\t\t<\/div>\n\t\t\t\t<div class=\"elementor-element elementor-element-e5c7160 elementor-widget__width-initial elementor-widget elementor-widget-heading\" data-id=\"e5c7160\" data-element_type=\"widget\" data-e-type=\"widget\" data-widget_type=\"heading.default\">\n\t\t\t\t\t<div class=\"elementor-heading-title elementor-size-default\">#klinikavpohybu<\/div>\t\t\t\t<\/div>\n\t\t\t\t<\/div>\n\t\t<div class=\"elementor-element elementor-element-e8e53dc e-con-full e-flex e-con e-child\" data-id=\"e8e53dc\" data-element_type=\"container\" data-e-type=\"container\" data-settings=\"{&quot;background_background&quot;:&quot;classic&quot;}\">\n\t\t\t\t<div class=\"elementor-element elementor-element-0477c61 elementor-widget__width-initial elementor-widget elementor-widget-heading\" data-id=\"0477c61\" data-element_type=\"widget\" data-e-type=\"widget\" data-widget_type=\"heading.default\">\n\t\t\t\t\t<h2 class=\"elementor-heading-title elementor-size-default\">Odb\u011br m\u016f\u017eete kdykoliv zru\u0161it odkazem v pati\u010dce ka\u017ed\u00e9ho e-mailu<\/h2>\t\t\t\t<\/div>\n\t\t\t\t<div class=\"elementor-element elementor-element-9d7d9d8 elementor-widget elementor-widget-button\" data-id=\"9d7d9d8\" data-element_type=\"widget\" data-e-type=\"widget\" data-widget_type=\"button.default\">\n\t\t\t\t\t\t\t\t\t\t<a class=\"elementor-button elementor-button-link elementor-size-sm\" href=\"\/aktuality\">\n\t\t\t\t\t\t<span class=\"elementor-button-content-wrapper\">\n\t\t\t\t\t\t\t\t\t<span class=\"elementor-button-text\">ZOBRAZIT AKTUALITY<\/span>\n\t\t\t\t\t<\/span>\n\t\t\t\t\t<\/a>\n\t\t\t\t\t\t\t\t<\/div>\n\t\t\t\t<\/div>\n\t\t\t\t\t<\/div>\n\t\t\t\t<\/div>\n\t\t\t\t<\/div>\n\t\t<div class=\"elementor-element elementor-element-c9a2ea0 e-con-full elementor-hidden-desktop e-flex e-con e-parent\" data-id=\"c9a2ea0\" data-element_type=\"container\" data-e-type=\"container\" data-settings=\"{&quot;background_background&quot;:&quot;classic&quot;}\">\n\t\t<div class=\"elementor-element elementor-element-9d5370d e-flex e-con-boxed e-con e-child\" data-id=\"9d5370d\" data-element_type=\"container\" data-e-type=\"container\">\n\t\t\t\t\t<div class=\"e-con-inner\">\n\t\t\t\t<div class=\"elementor-element elementor-element-d2f8589 elementor-widget__width-initial elementor-widget elementor-widget-heading\" data-id=\"d2f8589\" data-element_type=\"widget\" data-e-type=\"widget\" data-widget_type=\"heading.default\">\n\t\t\t\t\t<div class=\"elementor-heading-title elementor-size-default\">Jsme <br>Klinika\u2028 <br>v pohybu<\/div>\t\t\t\t<\/div>\n\t\t\t\t<div class=\"elementor-element elementor-element-9c3eaef elementor-widget__width-initial elementor-widget elementor-widget-heading\" data-id=\"9c3eaef\" data-element_type=\"widget\" data-e-type=\"widget\" data-widget_type=\"heading.default\">\n\t\t\t\t\t<div class=\"elementor-heading-title elementor-size-default\">#klinikavpohybu<\/div>\t\t\t\t<\/div>\n\t\t\t\t\t<\/div>\n\t\t\t\t<\/div>\n\t\t<div class=\"elementor-element elementor-element-83736c4 e-con-full e-flex e-con e-child\" data-id=\"83736c4\" data-element_type=\"container\" data-e-type=\"container\">\n\t\t\t\t<div class=\"elementor-element elementor-element-63f8cba elementor-widget elementor-widget-image\" data-id=\"63f8cba\" data-element_type=\"widget\" data-e-type=\"widget\" data-widget_type=\"image.default\">\n\t\t\t\t\t\t\t\t\t\t\t\t\t\t\t<img loading=\"lazy\" decoding=\"async\" width=\"915\" height=\"483\" src=\"https:\/\/movela.cz\/wp-content\/uploads\/2025\/09\/80c9e7ce76641379831d2fb1954b489f-e1759411198337.webp\" class=\"attachment-full size-full wp-image-539\" alt=\"\" srcset=\"https:\/\/movela.cz\/wp-content\/uploads\/2025\/09\/80c9e7ce76641379831d2fb1954b489f-e1759411198337.webp 915w, https:\/\/movela.cz\/wp-content\/uploads\/2025\/09\/80c9e7ce76641379831d2fb1954b489f-e1759411198337-300x158.webp 300w, https:\/\/movela.cz\/wp-content\/uploads\/2025\/09\/80c9e7ce76641379831d2fb1954b489f-e1759411198337-768x405.webp 768w\" sizes=\"(max-width: 915px) 100vw, 915px\" \/>\t\t\t\t\t\t\t\t\t\t\t\t\t\t\t<\/div>\n\t\t\t\t<\/div>\n\t\t<div class=\"elementor-element elementor-element-5101223 e-con-full e-flex e-con e-child\" data-id=\"5101223\" data-element_type=\"container\" data-e-type=\"container\" data-settings=\"{&quot;background_background&quot;:&quot;classic&quot;}\">\n\t\t\t\t<div class=\"elementor-element elementor-element-d140229 elementor-widget elementor-widget-heading\" data-id=\"d140229\" data-element_type=\"widget\" data-e-type=\"widget\" data-widget_type=\"heading.default\">\n\t\t\t\t\t<h2 class=\"elementor-heading-title elementor-size-default\">Odb\u011br novinek m\u016f\u017eete kdykoliv obnovit p\u0159ihl\u00e1\u0161en\u00edm se znovu<\/h2>\t\t\t\t<\/div>\n\t\t\t\t<div class=\"elementor-element elementor-element-05e94e7 elementor-widget elementor-widget-button\" data-id=\"05e94e7\" data-element_type=\"widget\" data-e-type=\"widget\" data-widget_type=\"button.default\">\n\t\t\t\t\t\t\t\t\t\t<a class=\"elementor-button elementor-button-link elementor-size-sm\" href=\"\/odber-novinek-newsletter\">\n\t\t\t\t\t\t<span class=\"elementor-button-content-wrapper\">\n\t\t\t\t\t\t\t\t\t<span class=\"elementor-button-text\">OBNOVIT ODB\u011aR NOVINEK<\/span>\n\t\t\t\t\t<\/span>\n\t\t\t\t\t<\/a>\n\t\t\t\t\t\t\t\t<\/div>\n\t\t\t\t<\/div>\n\t\t\t\t<\/div>\n\t\t<div class=\"elementor-element elementor-element-2cc2bef e-con-full e-flex e-con e-parent\" data-id=\"2cc2bef\" data-element_type=\"container\" data-e-type=\"container\" data-settings=\"{&quot;background_background&quot;:&quot;classic&quot;}\">\n\t\t<div class=\"elementor-element elementor-element-e531209 e-flex e-con-boxed e-con e-child\" data-id=\"e531209\" data-element_type=\"container\" data-e-type=\"container\">\n\t\t\t\t\t<div class=\"e-con-inner\">\n\t\t\t\t<div class=\"elementor-element elementor-element-45fc3f5 elementor-widget__width-initial elementor-widget elementor-widget-heading\" data-id=\"45fc3f5\" data-element_type=\"widget\" data-e-type=\"widget\" data-widget_type=\"heading.default\">\n\t\t\t\t\t<h2 class=\"elementor-heading-title elementor-size-default\">M\u00e1me smlouvy \u2028se zdravotn\u00edmi poji\u0161\u0165ovnami<\/h2>\t\t\t\t<\/div>\n\t\t<div class=\"elementor-element elementor-element-97eecd6 e-con-full e-flex e-con e-child\" data-id=\"97eecd6\" data-element_type=\"container\" data-e-type=\"container\">\n\t\t\t\t<div class=\"elementor-element elementor-element-853ca22 elementor-widget elementor-widget-image\" data-id=\"853ca22\" data-element_type=\"widget\" data-e-type=\"widget\" data-widget_type=\"image.default\">\n\t\t\t\t\t\t\t\t\t\t\t\t\t\t\t<img loading=\"lazy\" decoding=\"async\" width=\"300\" height=\"102\" src=\"https:\/\/movela.cz\/wp-content\/uploads\/2025\/09\/7a00ad600777ff9ba5f577e78ad7c0c7.png\" class=\"attachment-full size-full wp-image-97\" alt=\"\" \/>\t\t\t\t\t\t\t\t\t\t\t\t\t\t\t<\/div>\n\t\t\t\t<div class=\"elementor-element elementor-element-43d95c6 elementor-widget elementor-widget-image\" data-id=\"43d95c6\" data-element_type=\"widget\" data-e-type=\"widget\" data-widget_type=\"image.default\">\n\t\t\t\t\t\t\t\t\t\t\t\t\t\t\t<img loading=\"lazy\" decoding=\"async\" width=\"189\" height=\"67\" src=\"https:\/\/movela.cz\/wp-content\/uploads\/2025\/09\/f96bfd8eee2179dc19ef3e315860c957-e1759308915939.webp\" class=\"attachment-full size-full wp-image-541\" alt=\"\" \/>\t\t\t\t\t\t\t\t\t\t\t\t\t\t\t<\/div>\n\t\t\t\t<div class=\"elementor-element elementor-element-b52edca elementor-widget elementor-widget-image\" data-id=\"b52edca\" data-element_type=\"widget\" data-e-type=\"widget\" data-widget_type=\"image.default\">\n\t\t\t\t\t\t\t\t\t\t\t\t\t\t\t<img loading=\"lazy\" decoding=\"async\" width=\"301\" height=\"102\" src=\"https:\/\/movela.cz\/wp-content\/uploads\/2025\/09\/cc647d66e5d61f6e84c3692acbcaa47e.png\" class=\"attachment-full size-full wp-image-99\" alt=\"\" \/>\t\t\t\t\t\t\t\t\t\t\t\t\t\t\t<\/div>\n\t\t\t\t<\/div>\n\t\t<div class=\"elementor-element elementor-element-6c1a442 e-con-full e-flex e-con e-child\" data-id=\"6c1a442\" data-element_type=\"container\" data-e-type=\"container\">\n\t\t\t\t<div class=\"elementor-element elementor-element-676df59 elementor-widget elementor-widget-image\" data-id=\"676df59\" data-element_type=\"widget\" data-e-type=\"widget\" data-widget_type=\"image.default\">\n\t\t\t\t\t\t\t\t\t\t\t\t\t\t\t<img loading=\"lazy\" decoding=\"async\" width=\"180\" height=\"67\" src=\"https:\/\/movela.cz\/wp-content\/uploads\/2025\/09\/107776102cc2100556c3fb11fbaf7fb4-e1759308882755.webp\" class=\"attachment-full size-full wp-image-543\" alt=\"\" \/>\t\t\t\t\t\t\t\t\t\t\t\t\t\t\t<\/div>\n\t\t\t\t<div class=\"elementor-element elementor-element-f2c2115 elementor-widget elementor-widget-image\" data-id=\"f2c2115\" data-element_type=\"widget\" data-e-type=\"widget\" data-widget_type=\"image.default\">\n\t\t\t\t\t\t\t\t\t\t\t\t\t\t\t<img loading=\"lazy\" decoding=\"async\" width=\"300\" height=\"102\" src=\"https:\/\/movela.cz\/wp-content\/uploads\/2025\/09\/6b32c424ca8547fa800b243f7811b3fe.png\" class=\"attachment-full size-full wp-image-101\" alt=\"\" \/>\t\t\t\t\t\t\t\t\t\t\t\t\t\t\t<\/div>\n\t\t\t\t<div class=\"elementor-element elementor-element-dd511c0 elementor-widget elementor-widget-image\" data-id=\"dd511c0\" data-element_type=\"widget\" data-e-type=\"widget\" data-widget_type=\"image.default\">\n\t\t\t\t\t\t\t\t\t\t\t\t\t\t\t<img loading=\"lazy\" decoding=\"async\" width=\"308\" height=\"104\" src=\"https:\/\/movela.cz\/wp-content\/uploads\/2025\/09\/01edd33b01ce519a98e249b82303c456.png\" class=\"attachment-full size-full wp-image-102\" alt=\"\" srcset=\"https:\/\/movela.cz\/wp-content\/uploads\/2025\/09\/01edd33b01ce519a98e249b82303c456.png 308w, https:\/\/movela.cz\/wp-content\/uploads\/2025\/09\/01edd33b01ce519a98e249b82303c456-300x101.png 300w\" sizes=\"(max-width: 308px) 100vw, 308px\" \/>\t\t\t\t\t\t\t\t\t\t\t\t\t\t\t<\/div>\n\t\t\t\t<\/div>\n\t\t\t\t\t<\/div>\n\t\t\t\t<\/div>\n\t\t\t\t<\/div>\n\t\t\t\t<\/div>\n\t\t","protected":false},"excerpt":{"rendered":"<p>P\u0159ihl\u00e1sili jste se \u00fasp\u011b\u0161n\u011b k odb\u011bru novinek kliniky Movela D\u011bkujeme. V\u00e1\u0161 e-mail jste \u00fasp\u011b\u0161n\u011b potvrdili a od t\u00e9to chv\u00edle v\u00e1m budeme pos\u00edlat novinky z kliniky Movela. P\u0159ihl\u00e1sili jste se k odb\u011bru novinek kliniky Movela D\u011bkujeme. V\u00e1\u0161 e-mail jste \u00fasp\u011b\u0161n\u011b potvrdili a od t\u00e9to chv\u00edle v\u00e1m budeme pos\u00edlat novinky z kliniky Movela. Informace o otev\u0159en\u00ed kliniky [&hellip;]<\/p>\n","protected":false},"author":1,"featured_media":0,"parent":0,"menu_order":0,"comment_status":"closed","ping_status":"closed","template":"","meta":{"footnotes":""},"class_list":["post-3029","page","type-page","status-publish","hentry"],"_links":{"self":[{"href":"https:\/\/movela.cz\/pl\/wp-json\/wp\/v2\/pages\/3029","targetHints":{"allow":["GET"]}}],"collection":[{"href":"https:\/\/movela.cz\/pl\/wp-json\/wp\/v2\/pages"}],"about":[{"href":"https:\/\/movela.cz\/pl\/wp-json\/wp\/v2\/types\/page"}],"author":[{"embeddable":true,"href":"https:\/\/movela.cz\/pl\/wp-json\/wp\/v2\/users\/1"}],"replies":[{"embeddable":true,"href":"https:\/\/movela.cz\/pl\/wp-json\/wp\/v2\/comments?post=3029"}],"version-history":[{"count":16,"href":"https:\/\/movela.cz\/pl\/wp-json\/wp\/v2\/pages\/3029\/revisions"}],"predecessor-version":[{"id":3075,"href":"https:\/\/movela.cz\/pl\/wp-json\/wp\/v2\/pages\/3029\/revisions\/3075"}],"wp:attachment":[{"href":"https:\/\/movela.cz\/pl\/wp-json\/wp\/v2\/media?parent=3029"}],"curies":[{"name":"wp","href":"https:\/\/api.w.org\/{rel}","templated":true}]}}